{"id":1050,"date":"2024-05-02T12:58:24","date_gmt":"2024-05-02T10:58:24","guid":{"rendered":"https:\/\/mint-heldinnen.de\/?page_id=1050"},"modified":"2024-05-03T18:42:16","modified_gmt":"2024-05-03T16:42:16","slug":"impressum","status":"publish","type":"page","link":"https:\/\/mintheldinnen.enjoythistool.com\/en\/impressum\/","title":{"rendered":"imprint"},"content":{"rendered":"<!--themify_builder_content-->\n<div id=\"themify_builder_content-1050\" data-postid=\"1050\" class=\"themify_builder_content themify_builder_content-1050 themify_builder tf_clear\">\n                    <div  data-lazy=\"1\" class=\"module_row themify_builder_row tb_cvyk351 tb_first tf_w\">\n                        <div class=\"row_inner col_align_top tb_col_count_1 tf_box tf_rel\">\n                        <div  data-lazy=\"1\" class=\"module_column tb-column col-full tb_cm4a351 first\">\n                    <!-- module text -->\n<div  class=\"module module-text tb_bk9e351\" data-lazy=\"1\">\n        <div  class=\"tb_text_wrap\">\n        <h1>imprint<\/h1>    <\/div>\n<\/div>\n<!-- \/module text --><!-- module text -->\n<div  class=\"module module-text tb_vogy784\" data-lazy=\"1\">\n        <div  class=\"tb_text_wrap\">\n        <h2>This website is operated by:<\/h2>\n<p>Berlin Realities for Communication and Design GmbH<\/p>\n<p>Nina Rossow<br \/>Steffen Hoellein<br \/>Schmiedehof 4<br \/>10965 Berlin<\/p>\n<p>Contact<br \/>Phone: +493069506361<br \/>Email: mail@berlinrealities.com<\/p>\n<p>District Court Berlin Charlottenburg HRB 202698 B<\/p>\n<p>\u2014<\/p>\n<p>We are not willing or obliged to participate in dispute resolution proceedings before a consumer arbitration board.<\/p>\n<p>Liability for content<br \/>As service providers, we are liable for own contents of these websites according to Sec. 7, paragraph 1 German Telemedia Act (TMG). However, according to Sec. 8 to 10 German Telemedia Act (TMG), service providers are not obligated to permanently monitor submitted or stored information or to search for evidences that indicate illegal activities.<\/p>\n<p>Obligations to remove information or to block the use of information in accordance with general laws remain unaffected. In this case, liability is only possible at the time of knowledge about a specific violation of law. If we become aware of such violations of law, we will remove this content immediately.<\/p>\n<p>copyright<br \/>The content and works on these pages created by the site operators are subject to German copyright law. Duplication, processing, distribution and any type of exploitation outside the limits of copyright law require the written consent of the respective author or creator. Downloads and copies of this page are only permitted for private, non-commercial use. Insofar as the content on this page was not created by the operator, the copyrights of third parties are observed. In particular, third-party content is marked as such. Should you nevertheless become aware of a copyright infringement, we ask you to notify us accordingly. If we become aware of any infringements, we will remove such content immediately.<\/p>    <\/div>\n<\/div>\n<!-- \/module text -->        <\/div>\n                        <\/div>\n        <\/div>\n                        <div  data-lazy=\"1\" class=\"module_row themify_builder_row tb_g3ro288 tf_w\">\n                        <div class=\"row_inner col_align_top tb_col_count_1 tf_box tf_rel\">\n                        <div  data-lazy=\"1\" class=\"module_column tb-column col-full tb_iegd288 first\">\n                    <!-- module text -->\n<div  class=\"module module-text tb_aufq998 spacer4k\" data-lazy=\"1\">\n        <div  class=\"tb_text_wrap\">\n            <\/div>\n<\/div>\n<!-- \/module text -->        <\/div>\n                        <\/div>\n        <\/div>\n                        <div  data-css_id=\"qczp519\" data-lazy=\"1\" class=\"module_row themify_builder_row fullwidth tb_qczp519 tf_w\">\n                        <div class=\"row_inner col_align_top tb_col_count_1 tf_box tf_rel\">\n                        <div  data-lazy=\"1\" class=\"module_column tb-column col-full tb_dbmk519 first\">\n                    <!-- module text -->\n<div  class=\"module module-text tb_ohz3519\" data-lazy=\"1\">\n        <div  class=\"tb_text_wrap\">\n            <\/div>\n<\/div>\n<!-- \/module text --><!-- module text -->\n<div  class=\"module module-text tb_kmme519 niceshadow\" data-lazy=\"1\">\n        <div  class=\"tb_text_wrap\">\n            <\/div>\n<\/div>\n<!-- \/module text -->        <\/div>\n                        <\/div>\n        <\/div>\n                        <div  data-lazy=\"1\" class=\"module_row themify_builder_row tb_3c2f974 tf_w\">\n                        <div class=\"row_inner col_align_top tb_col_count_1 tf_box tf_rel\">\n                        <div  data-lazy=\"1\" class=\"module_column tb-column col-full tb_pikb974 first\">\n                    <!-- module template_part -->\n<div  class=\"module module-layout-part tb_c0ki974\">\n    <div class=\"tb_layout_part_wrap tf_w\"><!--themify_builder_content-->\n    <div  class=\"themify_builder_content themify_builder_content-1285 themify_builder not_editable_builder in_the_loop\" data-postid=\"1285\">\n                        <div  data-css_id=\"uj0i337\" data-lazy=\"1\" class=\"module_row themify_builder_row fullwidth tb_uj0i337 tf_w\">\n                        <div class=\"row_inner col_align_top tb_col_count_1 tf_box tf_rel\">\n                        <div  data-lazy=\"1\" class=\"module_column tb-column col-full tb_7o99440 first\">\n                    <!-- module widget -->\n<div  class=\"module module-widget tb_1mh4027\" data-lazy=\"1\">\n    <div class=\"widget widget_nav_menu\"><\/div><\/div>\n<!-- \/module widget -->\n<!-- module widget -->\n<div  class=\"module module-widget tb_brxw457\" data-lazy=\"1\">\n    <div class=\"widget widget_nav_menu\"><\/div><\/div>\n<!-- \/module widget -->\n<!-- module widget -->\n<div  class=\"module module-widget tb_aifc083\" data-lazy=\"1\">\n    <div class=\"widget widget_nav_menu\"><\/div><\/div>\n<!-- \/module widget -->\n        <\/div>\n                        <\/div>\n        <\/div>\n            <\/div>\n<!--\/themify_builder_content--><\/div>\n<\/div>\n<!-- \/module template_part -->        <\/div>\n                        <\/div>\n        <\/div>\n        <\/div>\n<!--\/themify_builder_content-->","protected":false},"excerpt":{"rendered":"<p>imprint<\/p>","protected":false},"author":1,"featured_media":0,"parent":0,"menu_order":0,"comment_status":"closed","ping_status":"closed","template":"","meta":{"footnotes":""},"class_list":["post-1050","page","type-page","status-publish","hentry","has-post-title","has-post-date","has-post-category","has-post-tag","has-post-comment","has-post-author",""],"yoast_head":"<!-- This site is optimized with the Yoast SEO plugin v25.6 - https:\/\/yoast.com\/wordpress\/plugins\/seo\/ -->\n<title>Impressum - MINT-Heldinnen<\/title>\n<meta name=\"robots\" content=\"noindex, follow, max-snippet:-1, max-image-preview:large, max-video-preview:-1\" \/>\n<meta property=\"og:locale\" content=\"en_US\" \/>\n<meta property=\"og:type\" content=\"article\" \/>\n<meta property=\"og:title\" content=\"Impressum - MINT-Heldinnen\" \/>\n<meta property=\"og:description\" content=\"Impressum\" \/>\n<meta property=\"og:url\" content=\"https:\/\/mintheldinnen.enjoythistool.com\/en\/impressum\/\" \/>\n<meta property=\"og:site_name\" content=\"MINT-Heldinnen\" \/>\n<meta property=\"article:modified_time\" content=\"2024-05-03T16:42:16+00:00\" \/>\n<meta name=\"twitter:card\" content=\"summary_large_image\" \/>\n<meta name=\"twitter:label1\" content=\"Est. reading time\" \/>\n\t<meta name=\"twitter:data1\" content=\"1 minute\" \/>\n<script type=\"application\/ld+json\" class=\"yoast-schema-graph\">{\"@context\":\"https:\/\/schema.org\",\"@graph\":[{\"@type\":\"WebPage\",\"@id\":\"https:\/\/mintheldinnen.enjoythistool.com\/impressum\/\",\"url\":\"https:\/\/mintheldinnen.enjoythistool.com\/impressum\/\",\"name\":\"Impressum - MINT-Heldinnen\",\"isPartOf\":{\"@id\":\"https:\/\/mintheldinnen.enjoythistool.com\/#website\"},\"datePublished\":\"2024-05-02T10:58:24+00:00\",\"dateModified\":\"2024-05-03T16:42:16+00:00\",\"breadcrumb\":{\"@id\":\"https:\/\/mintheldinnen.enjoythistool.com\/impressum\/#breadcrumb\"},\"inLanguage\":\"en-US\",\"potentialAction\":[{\"@type\":\"ReadAction\",\"target\":[\"https:\/\/mintheldinnen.enjoythistool.com\/impressum\/\"]}]},{\"@type\":\"BreadcrumbList\",\"@id\":\"https:\/\/mintheldinnen.enjoythistool.com\/impressum\/#breadcrumb\",\"itemListElement\":[{\"@type\":\"ListItem\",\"position\":1,\"name\":\"Startseite\",\"item\":\"https:\/\/mintheldinnen.enjoythistool.com\/\"},{\"@type\":\"ListItem\",\"position\":2,\"name\":\"Impressum\"}]},{\"@type\":\"WebSite\",\"@id\":\"https:\/\/mintheldinnen.enjoythistool.com\/#website\",\"url\":\"https:\/\/mintheldinnen.enjoythistool.com\/\",\"name\":\"MINT-Heldinnen\",\"description\":\"\",\"publisher\":{\"@id\":\"https:\/\/mintheldinnen.enjoythistool.com\/#organization\"},\"potentialAction\":[{\"@type\":\"SearchAction\",\"target\":{\"@type\":\"EntryPoint\",\"urlTemplate\":\"https:\/\/mintheldinnen.enjoythistool.com\/?s={search_term_string}\"},\"query-input\":{\"@type\":\"PropertyValueSpecification\",\"valueRequired\":true,\"valueName\":\"search_term_string\"}}],\"inLanguage\":\"en-US\"},{\"@type\":\"Organization\",\"@id\":\"https:\/\/mintheldinnen.enjoythistool.com\/#organization\",\"name\":\"MINT-Heldinnen\",\"url\":\"https:\/\/mintheldinnen.enjoythistool.com\/\",\"logo\":{\"@type\":\"ImageObject\",\"inLanguage\":\"en-US\",\"@id\":\"https:\/\/mintheldinnen.enjoythistool.com\/#\/schema\/logo\/image\/\",\"url\":\"https:\/\/mintheldinnen.enjoythistool.com\/wp-content\/uploads\/2024\/04\/MINTHeldinnenLogo.png\",\"contentUrl\":\"https:\/\/mintheldinnen.enjoythistool.com\/wp-content\/uploads\/2024\/04\/MINTHeldinnenLogo.png\",\"width\":1800,\"height\":1216,\"caption\":\"MINT-Heldinnen\"},\"image\":{\"@id\":\"https:\/\/mintheldinnen.enjoythistool.com\/#\/schema\/logo\/image\/\"},\"sameAs\":[\"https:\/\/www.instagram.com\/mint.heldinnen\/\",\"https:\/\/www.linkedin.com\/company\/mint-heldinnen\/\"]}]}<\/script>\n<!-- \/ Yoast SEO plugin. -->","yoast_head_json":{"title":"Impressum - MINT-Heldinnen","robots":{"index":"noindex","follow":"follow","max-snippet":"max-snippet:-1","max-image-preview":"max-image-preview:large","max-video-preview":"max-video-preview:-1"},"og_locale":"en_US","og_type":"article","og_title":"Impressum - MINT-Heldinnen","og_description":"Impressum","og_url":"https:\/\/mintheldinnen.enjoythistool.com\/en\/impressum\/","og_site_name":"MINT-Heldinnen","article_modified_time":"2024-05-03T16:42:16+00:00","twitter_card":"summary_large_image","twitter_misc":{"Est. reading time":"1 minute"},"schema":{"@context":"https:\/\/schema.org","@graph":[{"@type":"WebPage","@id":"https:\/\/mintheldinnen.enjoythistool.com\/impressum\/","url":"https:\/\/mintheldinnen.enjoythistool.com\/impressum\/","name":"Impressum - MINT-Heldinnen","isPartOf":{"@id":"https:\/\/mintheldinnen.enjoythistool.com\/#website"},"datePublished":"2024-05-02T10:58:24+00:00","dateModified":"2024-05-03T16:42:16+00:00","breadcrumb":{"@id":"https:\/\/mintheldinnen.enjoythistool.com\/impressum\/#breadcrumb"},"inLanguage":"en-US","potentialAction":[{"@type":"ReadAction","target":["https:\/\/mintheldinnen.enjoythistool.com\/impressum\/"]}]},{"@type":"BreadcrumbList","@id":"https:\/\/mintheldinnen.enjoythistool.com\/impressum\/#breadcrumb","itemListElement":[{"@type":"ListItem","position":1,"name":"Startseite","item":"https:\/\/mintheldinnen.enjoythistool.com\/"},{"@type":"ListItem","position":2,"name":"Impressum"}]},{"@type":"WebSite","@id":"https:\/\/mintheldinnen.enjoythistool.com\/#website","url":"https:\/\/mintheldinnen.enjoythistool.com\/","name":"STEM heroines","description":"","publisher":{"@id":"https:\/\/mintheldinnen.enjoythistool.com\/#organization"},"potentialAction":[{"@type":"SearchAction","target":{"@type":"EntryPoint","urlTemplate":"https:\/\/mintheldinnen.enjoythistool.com\/?s={search_term_string}"},"query-input":{"@type":"PropertyValueSpecification","valueRequired":true,"valueName":"search_term_string"}}],"inLanguage":"en-US"},{"@type":"Organization","@id":"https:\/\/mintheldinnen.enjoythistool.com\/#organization","name":"STEM heroines","url":"https:\/\/mintheldinnen.enjoythistool.com\/","logo":{"@type":"ImageObject","inLanguage":"en-US","@id":"https:\/\/mintheldinnen.enjoythistool.com\/#\/schema\/logo\/image\/","url":"https:\/\/mintheldinnen.enjoythistool.com\/wp-content\/uploads\/2024\/04\/MINTHeldinnenLogo.png","contentUrl":"https:\/\/mintheldinnen.enjoythistool.com\/wp-content\/uploads\/2024\/04\/MINTHeldinnenLogo.png","width":1800,"height":1216,"caption":"MINT-Heldinnen"},"image":{"@id":"https:\/\/mintheldinnen.enjoythistool.com\/#\/schema\/logo\/image\/"},"sameAs":["https:\/\/www.instagram.com\/mint.heldinnen\/","https:\/\/www.linkedin.com\/company\/mint-heldinnen\/"]}]}},"builder_content":"<h1>Impressum<\/h1>\n<h2>Diese Website wird betrieben von:<\/h2> <p>Berlin Realities f\u00fcr Kommunikation und Design GmbH<\/p> <p>Nina Rossow<br \/>Steffen H\u00f6llein<br \/>Schmiedehof 4<br \/>10965 Berlin<\/p> <p>Kontakt<br \/>Telefon: +493069506361<br \/>E-Mail: mail@berlinrealities.com<\/p> <p>Amtsgericht Berlin Charlottenburg HRB 202698 B<\/p> <p>\u2014<\/p> <p>Wir sind nicht bereit oder verpflichtet, an Streitbeilegungsverfahren vor einer Verbraucherschlichtungsstelle teilzunehmen.<\/p> <p>Haftung f\u00fcr Inhalte<br \/>Als Diensteanbieter sind wir gem\u00e4\u00df \u00a7 7 Abs.1 TMG f\u00fcr eigene Inhalte auf diesen Seiten nach den allgemeinen Gesetzen verantwortlich. Nach \u00a7\u00a7 8 bis 10 TMG sind wir als Diensteanbieter jedoch nicht verpflichtet, \u00fcbermittelte oder gespeicherte fremde Informationen zu \u00fcberwachen oder nach Umst\u00e4nden zu forschen, die auf eine rechtswidrige T\u00e4tigkeit hinweisen.<\/p> <p>Verpflichtungen zur Entfernung oder Sperrung der Nutzung von Informationen nach den allgemeinen Gesetzen bleiben hiervon unber\u00fchrt. Eine diesbez\u00fcgliche Haftung ist jedoch erst ab dem Zeitpunkt der Kenntnis einer konkreten Rechtsverletzung m\u00f6glich. Bei Bekanntwerden von entsprechenden Rechtsverletzungen werden wir diese Inhalte umgehend entfernen.<\/p> <p>Urheberrecht<br \/>Die durch die Seitenbetreiber erstellten Inhalte und Werke auf diesen Seiten unterliegen dem deutschen Urheberrecht. Die Vervielf\u00e4ltigung, Bearbeitung, Verbreitung und jede Art der Verwertung au\u00dferhalb der Grenzen des Urheberrechtes bed\u00fcrfen der schriftlichen Zustimmung des jeweiligen Autors bzw. Erstellers. Downloads und Kopien dieser Seite sind nur f\u00fcr den privaten, nicht kommerziellen Gebrauch gestattet. Soweit die Inhalte auf dieser Seite nicht vom Betreiber erstellt wurden, werden die Urheberrechte Dritter beachtet. Insbesondere werden Inhalte Dritter als solche gekennzeichnet. Sollten Sie trotzdem auf eine Urheberrechtsverletzung aufmerksam werden, bitten wir um einen entsprechenden Hinweis. Bei Bekanntwerden von Rechtsverletzungen werden wir derartige Inhalte umgehend entfernen.<\/p>\n\n\n","_links":{"self":[{"href":"https:\/\/mintheldinnen.enjoythistool.com\/en\/wp-json\/wp\/v2\/pages\/1050","targetHints":{"allow":["GET"]}}],"collection":[{"href":"https:\/\/mintheldinnen.enjoythistool.com\/en\/wp-json\/wp\/v2\/pages"}],"about":[{"href":"https:\/\/mintheldinnen.enjoythistool.com\/en\/wp-json\/wp\/v2\/types\/page"}],"author":[{"embeddable":true,"href":"https:\/\/mintheldinnen.enjoythistool.com\/en\/wp-json\/wp\/v2\/users\/1"}],"replies":[{"embeddable":true,"href":"https:\/\/mintheldinnen.enjoythistool.com\/en\/wp-json\/wp\/v2\/comments?post=1050"}],"version-history":[{"count":0,"href":"https:\/\/mintheldinnen.enjoythistool.com\/en\/wp-json\/wp\/v2\/pages\/1050\/revisions"}],"wp:attachment":[{"href":"https:\/\/mintheldinnen.enjoythistool.com\/en\/wp-json\/wp\/v2\/media?parent=1050"}],"curies":[{"name":"wp","href":"https:\/\/api.w.org\/{rel}","templated":true}]}}