{"id":1685,"date":"2024-05-04T14:39:04","date_gmt":"2024-05-04T12:39:04","guid":{"rendered":"https:\/\/mint-heldinnen.de\/mitmachen-copy\/"},"modified":"2024-05-18T08:05:34","modified_gmt":"2024-05-18T06:05:34","slug":"datenschutz","status":"publish","type":"page","link":"https:\/\/mintheldinnen.enjoythistool.com\/en\/datenschutz\/","title":{"rendered":"data protection"},"content":{"rendered":"<!--themify_builder_content-->\n<div id=\"themify_builder_content-1685\" data-postid=\"1685\" class=\"themify_builder_content themify_builder_content-1685 themify_builder tf_clear\">\n                    <div  data-lazy=\"1\" class=\"module_row themify_builder_row tb_rlbm020 tb_first tf_w\">\n                        <div class=\"row_inner col_align_top tb_col_count_1 tf_box tf_rel\">\n                        <div  data-lazy=\"1\" class=\"module_column tb-column col-full tb_qj1s448 first\">\n                    <!-- module text -->\n<div  class=\"module module-text tb_ljlk255\" data-lazy=\"1\">\n        <div  class=\"tb_text_wrap\">\n        <h1>data protection<\/h1>    <\/div>\n<\/div>\n<!-- \/module text -->        <\/div>\n                        <\/div>\n        <\/div>\n                        <div  data-css_id=\"df2f864\" data-lazy=\"1\" class=\"module_row themify_builder_row fullwidth_row_container tb_df2f864 tf_w\">\n                        <div class=\"row_inner col_align_top tb_col_count_1 tf_box tf_rel\">\n                        <div  data-lazy=\"1\" class=\"module_column tb-column col-full tb_qmtg558 first\">\n                    <!-- module text -->\n<div  class=\"module module-text tb_krtq001\" data-lazy=\"1\">\n        <div  class=\"tb_text_wrap\">\n        <p><strong>Visit the website<\/strong><br \/>When you visit the website, we do not collect, store or process any of your personal data. The user will not record or track your surfing behavior at any time.<br \/><br \/>When you access this website, information is automatically recorded by the web space provider. This information, also known as server log files, is of a general nature and does not allow any conclusions to be drawn about you personally.<br \/><br \/>If you communicate with us using the email addresses provided, the personal data transmitted with the email will be stored. It will not be passed on to third parties.<br \/><br \/><strong>Data security<\/strong><br \/>When you visit the website, the SSL (Secure Socket Layer) process is used in conjunction with the highest level of encryption supported by your browser. This is usually 256-bit encryption. If your browser does not support 256-bit encryption, 128-bit V3 technology is used instead. You can tell whether a page is being displayed encrypted by the key or lock symbol in the lower status bar of your browser.<\/p>\n<p><strong>Subscribe to the newsletter<\/strong><br \/>We implement the newsletter via our own server and do not use an external provider. We store your data as long as we send the newsletter to you. If you unsubscribe, we delete your data.<\/p>\n<p><strong>Registration for events<\/strong><br \/>We carry out event registration on our own server and do not use an external provider. We store your data for as long as the event takes place, including follow-up. If you unsubscribe, we will delete your data.<\/p>\n<p>\u00a0<\/p>    <\/div>\n<\/div>\n<!-- \/module text --><!-- module divider -->\n<div  class=\"module tf_mw module-divider tb_ygys503 dotted\" style=\"border-width: 2px;border-color: #000;margin-bottom: 30px;\" data-lazy=\"1\">\n    <\/div>\n<!-- \/module divider -->\n        <\/div>\n                        <\/div>\n        <\/div>\n                        <div  data-css_id=\"9h9p684\" data-lazy=\"1\" class=\"module_row themify_builder_row fullwidth tb_9h9p684 tf_w\">\n                        <div class=\"row_inner col_align_top tb_col_count_1 tf_box tf_rel\">\n                        <div  data-lazy=\"1\" class=\"module_column tb-column col-full tb_k0m2665 first\">\n                    <!-- module text -->\n<div  class=\"module module-text tb_koz0608\" data-lazy=\"1\">\n        <div  class=\"tb_text_wrap\">\n            <\/div>\n<\/div>\n<!-- \/module text --><!-- module text -->\n<div  class=\"module module-text tb_0ev9550 niceshadow\" data-lazy=\"1\">\n        <div  class=\"tb_text_wrap\">\n            <\/div>\n<\/div>\n<!-- \/module text -->        <\/div>\n                        <\/div>\n        <\/div>\n                        <div  data-lazy=\"1\" class=\"module_row themify_builder_row tb_0yrk506 tf_w\">\n                        <div class=\"row_inner col_align_top tb_col_count_1 tf_box tf_rel\">\n                        <div  data-lazy=\"1\" class=\"module_column tb-column col-full tb_k6zp408 first\">\n                    <!-- module template_part -->\n<div  class=\"module module-layout-part tb_6c5m606\">\n    <div class=\"tb_layout_part_wrap tf_w\"><!--themify_builder_content-->\n    <div  class=\"themify_builder_content themify_builder_content-1285 themify_builder not_editable_builder in_the_loop\" data-postid=\"1285\">\n                        <div  data-css_id=\"uj0i337\" data-lazy=\"1\" class=\"module_row themify_builder_row fullwidth tb_uj0i337 tf_w\">\n                        <div class=\"row_inner col_align_top tb_col_count_1 tf_box tf_rel\">\n                        <div  data-lazy=\"1\" class=\"module_column tb-column col-full tb_7o99440 first\">\n                    <!-- module widget -->\n<div  class=\"module module-widget tb_1mh4027\" data-lazy=\"1\">\n    <div class=\"widget widget_nav_menu\"><\/div><\/div>\n<!-- \/module widget -->\n<!-- module widget -->\n<div  class=\"module module-widget tb_brxw457\" data-lazy=\"1\">\n    <div class=\"widget widget_nav_menu\"><\/div><\/div>\n<!-- \/module widget -->\n<!-- module widget -->\n<div  class=\"module module-widget tb_aifc083\" data-lazy=\"1\">\n    <div class=\"widget widget_nav_menu\"><\/div><\/div>\n<!-- \/module widget -->\n        <\/div>\n                        <\/div>\n        <\/div>\n            <\/div>\n<!--\/themify_builder_content--><\/div>\n<\/div>\n<!-- \/module template_part -->        <\/div>\n                        <\/div>\n        <\/div>\n        <\/div>\n<!--\/themify_builder_content-->","protected":false},"excerpt":{"rendered":"<p>data protection<\/p>","protected":false},"author":1,"featured_media":0,"parent":0,"menu_order":0,"comment_status":"closed","ping_status":"closed","template":"","meta":{"footnotes":""},"class_list":["post-1685","page","type-page","status-publish","hentry","has-post-title","has-post-date","has-post-category","has-post-tag","has-post-comment","has-post-author",""],"yoast_head":"<!-- This site is optimized with the Yoast SEO plugin v25.6 - https:\/\/yoast.com\/wordpress\/plugins\/seo\/ -->\n<title>Datenschutz - MINT-Heldinnen<\/title>\n<meta name=\"robots\" content=\"noindex, follow, max-snippet:-1, max-image-preview:large, max-video-preview:-1\" \/>\n<meta property=\"og:locale\" content=\"en_US\" \/>\n<meta property=\"og:type\" content=\"article\" \/>\n<meta property=\"og:title\" content=\"Datenschutz - MINT-Heldinnen\" \/>\n<meta property=\"og:description\" content=\"Datenschutz\" \/>\n<meta property=\"og:url\" content=\"https:\/\/mintheldinnen.enjoythistool.com\/en\/datenschutz\/\" \/>\n<meta property=\"og:site_name\" content=\"MINT-Heldinnen\" \/>\n<meta property=\"article:modified_time\" content=\"2024-05-18T06:05:34+00:00\" \/>\n<meta name=\"twitter:card\" content=\"summary_large_image\" \/>\n<meta name=\"twitter:label1\" content=\"Est. reading time\" \/>\n\t<meta name=\"twitter:data1\" content=\"1 minute\" \/>\n<script type=\"application\/ld+json\" class=\"yoast-schema-graph\">{\"@context\":\"https:\/\/schema.org\",\"@graph\":[{\"@type\":\"WebPage\",\"@id\":\"https:\/\/mintheldinnen.enjoythistool.com\/datenschutz\/\",\"url\":\"https:\/\/mintheldinnen.enjoythistool.com\/datenschutz\/\",\"name\":\"Datenschutz - MINT-Heldinnen\",\"isPartOf\":{\"@id\":\"https:\/\/mintheldinnen.enjoythistool.com\/#website\"},\"datePublished\":\"2024-05-04T12:39:04+00:00\",\"dateModified\":\"2024-05-18T06:05:34+00:00\",\"breadcrumb\":{\"@id\":\"https:\/\/mintheldinnen.enjoythistool.com\/datenschutz\/#breadcrumb\"},\"inLanguage\":\"en-US\",\"potentialAction\":[{\"@type\":\"ReadAction\",\"target\":[\"https:\/\/mintheldinnen.enjoythistool.com\/datenschutz\/\"]}]},{\"@type\":\"BreadcrumbList\",\"@id\":\"https:\/\/mintheldinnen.enjoythistool.com\/datenschutz\/#breadcrumb\",\"itemListElement\":[{\"@type\":\"ListItem\",\"position\":1,\"name\":\"Startseite\",\"item\":\"https:\/\/mintheldinnen.enjoythistool.com\/\"},{\"@type\":\"ListItem\",\"position\":2,\"name\":\"Datenschutz\"}]},{\"@type\":\"WebSite\",\"@id\":\"https:\/\/mintheldinnen.enjoythistool.com\/#website\",\"url\":\"https:\/\/mintheldinnen.enjoythistool.com\/\",\"name\":\"MINT-Heldinnen\",\"description\":\"\",\"publisher\":{\"@id\":\"https:\/\/mintheldinnen.enjoythistool.com\/#organization\"},\"potentialAction\":[{\"@type\":\"SearchAction\",\"target\":{\"@type\":\"EntryPoint\",\"urlTemplate\":\"https:\/\/mintheldinnen.enjoythistool.com\/?s={search_term_string}\"},\"query-input\":{\"@type\":\"PropertyValueSpecification\",\"valueRequired\":true,\"valueName\":\"search_term_string\"}}],\"inLanguage\":\"en-US\"},{\"@type\":\"Organization\",\"@id\":\"https:\/\/mintheldinnen.enjoythistool.com\/#organization\",\"name\":\"MINT-Heldinnen\",\"url\":\"https:\/\/mintheldinnen.enjoythistool.com\/\",\"logo\":{\"@type\":\"ImageObject\",\"inLanguage\":\"en-US\",\"@id\":\"https:\/\/mintheldinnen.enjoythistool.com\/#\/schema\/logo\/image\/\",\"url\":\"https:\/\/mintheldinnen.enjoythistool.com\/wp-content\/uploads\/2024\/04\/MINTHeldinnenLogo.png\",\"contentUrl\":\"https:\/\/mintheldinnen.enjoythistool.com\/wp-content\/uploads\/2024\/04\/MINTHeldinnenLogo.png\",\"width\":1800,\"height\":1216,\"caption\":\"MINT-Heldinnen\"},\"image\":{\"@id\":\"https:\/\/mintheldinnen.enjoythistool.com\/#\/schema\/logo\/image\/\"},\"sameAs\":[\"https:\/\/www.instagram.com\/mint.heldinnen\/\",\"https:\/\/www.linkedin.com\/company\/mint-heldinnen\/\"]}]}<\/script>\n<!-- \/ Yoast SEO plugin. -->","yoast_head_json":{"title":"Datenschutz - MINT-Heldinnen","robots":{"index":"noindex","follow":"follow","max-snippet":"max-snippet:-1","max-image-preview":"max-image-preview:large","max-video-preview":"max-video-preview:-1"},"og_locale":"en_US","og_type":"article","og_title":"Datenschutz - MINT-Heldinnen","og_description":"Datenschutz","og_url":"https:\/\/mintheldinnen.enjoythistool.com\/en\/datenschutz\/","og_site_name":"MINT-Heldinnen","article_modified_time":"2024-05-18T06:05:34+00:00","twitter_card":"summary_large_image","twitter_misc":{"Est. reading time":"1 minute"},"schema":{"@context":"https:\/\/schema.org","@graph":[{"@type":"WebPage","@id":"https:\/\/mintheldinnen.enjoythistool.com\/datenschutz\/","url":"https:\/\/mintheldinnen.enjoythistool.com\/datenschutz\/","name":"Datenschutz - MINT-Heldinnen","isPartOf":{"@id":"https:\/\/mintheldinnen.enjoythistool.com\/#website"},"datePublished":"2024-05-04T12:39:04+00:00","dateModified":"2024-05-18T06:05:34+00:00","breadcrumb":{"@id":"https:\/\/mintheldinnen.enjoythistool.com\/datenschutz\/#breadcrumb"},"inLanguage":"en-US","potentialAction":[{"@type":"ReadAction","target":["https:\/\/mintheldinnen.enjoythistool.com\/datenschutz\/"]}]},{"@type":"BreadcrumbList","@id":"https:\/\/mintheldinnen.enjoythistool.com\/datenschutz\/#breadcrumb","itemListElement":[{"@type":"ListItem","position":1,"name":"Startseite","item":"https:\/\/mintheldinnen.enjoythistool.com\/"},{"@type":"ListItem","position":2,"name":"Datenschutz"}]},{"@type":"WebSite","@id":"https:\/\/mintheldinnen.enjoythistool.com\/#website","url":"https:\/\/mintheldinnen.enjoythistool.com\/","name":"STEM heroines","description":"","publisher":{"@id":"https:\/\/mintheldinnen.enjoythistool.com\/#organization"},"potentialAction":[{"@type":"SearchAction","target":{"@type":"EntryPoint","urlTemplate":"https:\/\/mintheldinnen.enjoythistool.com\/?s={search_term_string}"},"query-input":{"@type":"PropertyValueSpecification","valueRequired":true,"valueName":"search_term_string"}}],"inLanguage":"en-US"},{"@type":"Organization","@id":"https:\/\/mintheldinnen.enjoythistool.com\/#organization","name":"STEM heroines","url":"https:\/\/mintheldinnen.enjoythistool.com\/","logo":{"@type":"ImageObject","inLanguage":"en-US","@id":"https:\/\/mintheldinnen.enjoythistool.com\/#\/schema\/logo\/image\/","url":"https:\/\/mintheldinnen.enjoythistool.com\/wp-content\/uploads\/2024\/04\/MINTHeldinnenLogo.png","contentUrl":"https:\/\/mintheldinnen.enjoythistool.com\/wp-content\/uploads\/2024\/04\/MINTHeldinnenLogo.png","width":1800,"height":1216,"caption":"MINT-Heldinnen"},"image":{"@id":"https:\/\/mintheldinnen.enjoythistool.com\/#\/schema\/logo\/image\/"},"sameAs":["https:\/\/www.instagram.com\/mint.heldinnen\/","https:\/\/www.linkedin.com\/company\/mint-heldinnen\/"]}]}},"builder_content":"<h1>Datenschutz<\/h1>\n<p><strong>Besuch der Website<\/strong><br \/>Bei Besuch der Website werden von uns keine personenbezogenen Daten von Ihnen erfasst, gespeichert oder verarbeitet. Der Anwender wird Ihr Surfverhalten zu keiner Zeit aufzeichnen oder nachverfolgen.<br \/><br \/>Mit dem Zugriff auf dieses Angebot werden durch den Webspace-Provider automatisch Informationen erfasst. Diese Informationen, auch Server-Logfiles bezeichnet, sind allgemeiner Natur und erlauben keine R\u00fcckschl\u00fcsse auf Ihre Person.<br \/><br \/>Wenn Sie \u00fcber die bereitgestellten E-Mail-Adressen mit uns kommunizieren, dann werden die mit der E-Mail \u00fcbermittelten personenbezogenen Daten gespeichert. Eine Weitergabe an Dritte erfolgt nicht.<br \/><br \/><strong>Datensicherheit<\/strong><br \/>Bei Besuch der Website kommt das SSL-Verfahren (Secure Socket Layer) in Verbindung mit der jeweils h\u00f6chsten Verschl\u00fcsselungsstufe, die von Ihrem Browser unterst\u00fctzt wird, zur Anwendung. In der Regel handelt es sich dabei um eine 256-Bit-Verschl\u00fcsselung. Falls Ihr Browser keine 256-Bit-Verschl\u00fcsselung unterst\u00fctzt, wird stattdessen auf die 128-Bit-V3-Technologie zur\u00fcckgegriffen. Sie erkennen an der Darstellung des Schl\u00fcssel- bzw. Schlosssymbols in der unteren Statusleiste Ihres Browsers, ob eine Seite verschl\u00fcsselt dargestellt wird.<\/p> <p><strong>Anmeldung am Newsletter<\/strong><br \/>Wir realisieren den Newsletter \u00fcber unseren eigenen Server und nutzen keinen externen Anbieter. Wir speichern deine Daten solange wir den Newsletter an dich versenden. Wenn du dich abmeldest, l\u00f6schen wir deine Daten.<\/p> <p><strong>Anmeldung zu Events<\/strong><br \/>Wir realisieren die Eventregistrierung auf unseren eigenen Server und nutzen keinen externen Anbieter. Wir speichern deine Daten solange das Event stattfindet, inklusive Nachbereitung. Wenn du dich abmeldest, l\u00f6schen wir deine Daten.<\/p> <p>\u00a0<\/p>\n\n\n","_links":{"self":[{"href":"https:\/\/mintheldinnen.enjoythistool.com\/en\/wp-json\/wp\/v2\/pages\/1685","targetHints":{"allow":["GET"]}}],"collection":[{"href":"https:\/\/mintheldinnen.enjoythistool.com\/en\/wp-json\/wp\/v2\/pages"}],"about":[{"href":"https:\/\/mintheldinnen.enjoythistool.com\/en\/wp-json\/wp\/v2\/types\/page"}],"author":[{"embeddable":true,"href":"https:\/\/mintheldinnen.enjoythistool.com\/en\/wp-json\/wp\/v2\/users\/1"}],"replies":[{"embeddable":true,"href":"https:\/\/mintheldinnen.enjoythistool.com\/en\/wp-json\/wp\/v2\/comments?post=1685"}],"version-history":[{"count":0,"href":"https:\/\/mintheldinnen.enjoythistool.com\/en\/wp-json\/wp\/v2\/pages\/1685\/revisions"}],"wp:attachment":[{"href":"https:\/\/mintheldinnen.enjoythistool.com\/en\/wp-json\/wp\/v2\/media?parent=1685"}],"curies":[{"name":"wp","href":"https:\/\/api.w.org\/{rel}","templated":true}]}}