{"id":7881,"date":"2025-01-28T17:21:42","date_gmt":"2025-01-28T16:21:42","guid":{"rendered":"https:\/\/mint-heldinnen.de\/100-coole-wissenschaftlerinnen-copy\/"},"modified":"2025-01-28T18:06:39","modified_gmt":"2025-01-28T17:06:39","slug":"100-aktion-hintergruende","status":"publish","type":"page","link":"https:\/\/mintheldinnen.enjoythistool.com\/en\/100-aktion-hintergruende\/","title":{"rendered":"100 Cool Female Scientists Backgrounds"},"content":{"rendered":"<!--themify_builder_content-->\n<div id=\"themify_builder_content-7881\" data-postid=\"7881\" class=\"themify_builder_content themify_builder_content-7881 themify_builder tf_clear\">\n                    <div  data-lazy=\"1\" class=\"module_row themify_builder_row tb_h11n970 tb_first tf_w\">\n                        <div class=\"row_inner col_align_top tb_col_count_1 tf_box tf_rel\">\n                        <div  data-lazy=\"1\" class=\"module_column tb-column col-full tb_k6n1970 first\">\n                            <div  data-lazy=\"1\" class=\"module_subrow themify_builder_sub_row tf_w col_align_top tb_col_count_2 tb_ldpo971\">\n                <div  data-lazy=\"1\" class=\"module_column sub_column col4-2 tb_4qjx971 first\">\n                            <\/div>\n                    <div  data-lazy=\"1\" class=\"module_column sub_column col4-2 tb_oet0971 last\">\n                    <!-- module widget -->\n<div  class=\"module module-widget tb_gf22971  repeat\" data-lazy=\"1\">\n    <div class=\"widget widget_nav_menu\"><\/div><\/div>\n<!-- \/module widget -->\n<!-- module widget -->\n<div  class=\"module module-widget tb_6qw2971  repeat\" data-lazy=\"1\">\n    <div class=\"widget widget_nav_menu\"><\/div><\/div>\n<!-- \/module widget -->\n        <\/div>\n                    <\/div>\n        <!-- module text -->\n<div  class=\"module module-text tb_a21l971\" data-lazy=\"1\">\n        <div  class=\"tb_text_wrap\">\n        <h1>100 cool female scientists<\/h1>    <\/div>\n<\/div>\n<!-- \/module text --><!-- module text -->\n<div  class=\"module module-text tb_61hm704\" data-lazy=\"1\">\n        <div  class=\"tb_text_wrap\">\n        <h2>A<\/h2>    <\/div>\n<\/div>\n<!-- \/module text --><!-- module text -->\n<div  class=\"module module-text tb_7ni2943\" data-lazy=\"1\">\n        <div  class=\"tb_text_wrap\">\n        <p>We have a small campaign called MINT Heroine of the Month. We quickly noticed that when we look at who we want to introduce next, we only think of MINT heroines from the past. Stupid, right?<br \/><br \/>So at the beginning of 2025 we put out a call to see who knew any cool female scientists. We wanted to collect 100 and that&#039;s right: there are lots of them, but they aren&#039;t really known outside of their own bubble, not even the super-famous ones.\u00a0<\/p>\n<p>We have found that it is similar for men, but you can ask yourself: How many cool scientists do you know?<\/p>    <\/div>\n<\/div>\n<!-- \/module text --><!-- module text -->\n<div  class=\"module module-text tb_zve3102\" data-lazy=\"1\">\n        <div  class=\"tb_text_wrap\">\n        <h2>B<\/h2>    <\/div>\n<\/div>\n<!-- \/module text --><!-- module text -->\n<div  class=\"module module-text tb_ms8e225\" data-lazy=\"1\">\n        <div  class=\"tb_text_wrap\">\n        <p>We received a lot of submissions with suggestions like: Take a look here. Yes, exactly, there are many initiatives, websites and projects that present great female scientists. But we actually didn&#039;t know any of them before. We just weren&#039;t deep enough in the bubble. Unfortunately, that also gives us something to think about. Those in the STEM bubble notice it, but beyond that?\u00a0<\/p>    <\/div>\n<\/div>\n<!-- \/module text -->        <\/div>\n                        <\/div>\n        <\/div>\n                        <div  data-css_id=\"tp45330\" data-lazy=\"1\" class=\"module_row themify_builder_row fullwidth tb_tp45330 tf_w\">\n                        <div class=\"row_inner col_align_top tb_col_count_1 tf_box tf_rel\">\n                        <div  data-lazy=\"1\" class=\"module_column tb-column col-full tb_fjli555 first\">\n                    <!-- module text -->\n<div  class=\"module module-text tb_z6pi040\" data-lazy=\"1\">\n        <div  class=\"tb_text_wrap\">\n            <\/div>\n<\/div>\n<!-- \/module text --><!-- module text -->\n<div  class=\"module module-text tb_yqkz707 niceshadow\" data-lazy=\"1\">\n        <div  class=\"tb_text_wrap\">\n            <\/div>\n<\/div>\n<!-- \/module text -->        <\/div>\n                        <\/div>\n        <\/div>\n        <\/div>\n<!--\/themify_builder_content-->","protected":false},"excerpt":{"rendered":"<p>100 cool female scientists<\/p>","protected":false},"author":1,"featured_media":0,"parent":0,"menu_order":0,"comment_status":"closed","ping_status":"closed","template":"","meta":{"footnotes":""},"class_list":["post-7881","page","type-page","status-publish","hentry","has-post-title","has-post-date","has-post-category","has-post-tag","has-post-comment","has-post-author",""],"yoast_head":"<!-- This site is optimized with the Yoast SEO plugin v25.6 - https:\/\/yoast.com\/wordpress\/plugins\/seo\/ -->\n<title>100 coole Wissenschaftlerinnen Hintergr\u00fcnde - MINT-Heldinnen<\/title>\n<meta name=\"robots\" content=\"noindex, follow, max-snippet:-1, max-image-preview:large, max-video-preview:-1\" \/>\n<meta property=\"og:locale\" content=\"en_US\" \/>\n<meta property=\"og:type\" content=\"article\" \/>\n<meta property=\"og:title\" content=\"100 coole Wissenschaftlerinnen Hintergr\u00fcnde - MINT-Heldinnen\" \/>\n<meta property=\"og:description\" content=\"100 coole Wissenschaftlerinnen\" \/>\n<meta property=\"og:url\" content=\"https:\/\/mintheldinnen.enjoythistool.com\/en\/100-aktion-hintergruende\/\" \/>\n<meta property=\"og:site_name\" content=\"MINT-Heldinnen\" \/>\n<meta property=\"article:modified_time\" content=\"2025-01-28T17:06:39+00:00\" \/>\n<meta name=\"twitter:card\" content=\"summary_large_image\" \/>\n<meta name=\"twitter:label1\" content=\"Est. reading time\" \/>\n\t<meta name=\"twitter:data1\" content=\"1 minute\" \/>\n<script type=\"application\/ld+json\" class=\"yoast-schema-graph\">{\"@context\":\"https:\/\/schema.org\",\"@graph\":[{\"@type\":\"WebPage\",\"@id\":\"https:\/\/mintheldinnen.enjoythistool.com\/100-aktion-hintergruende\/\",\"url\":\"https:\/\/mintheldinnen.enjoythistool.com\/100-aktion-hintergruende\/\",\"name\":\"100 coole Wissenschaftlerinnen Hintergr\u00fcnde - MINT-Heldinnen\",\"isPartOf\":{\"@id\":\"https:\/\/mintheldinnen.enjoythistool.com\/#website\"},\"datePublished\":\"2025-01-28T16:21:42+00:00\",\"dateModified\":\"2025-01-28T17:06:39+00:00\",\"breadcrumb\":{\"@id\":\"https:\/\/mintheldinnen.enjoythistool.com\/100-aktion-hintergruende\/#breadcrumb\"},\"inLanguage\":\"en-US\",\"potentialAction\":[{\"@type\":\"ReadAction\",\"target\":[\"https:\/\/mintheldinnen.enjoythistool.com\/100-aktion-hintergruende\/\"]}]},{\"@type\":\"BreadcrumbList\",\"@id\":\"https:\/\/mintheldinnen.enjoythistool.com\/100-aktion-hintergruende\/#breadcrumb\",\"itemListElement\":[{\"@type\":\"ListItem\",\"position\":1,\"name\":\"Startseite\",\"item\":\"https:\/\/mintheldinnen.enjoythistool.com\/\"},{\"@type\":\"ListItem\",\"position\":2,\"name\":\"100 coole Wissenschaftlerinnen Hintergr\u00fcnde\"}]},{\"@type\":\"WebSite\",\"@id\":\"https:\/\/mintheldinnen.enjoythistool.com\/#website\",\"url\":\"https:\/\/mintheldinnen.enjoythistool.com\/\",\"name\":\"MINT-Heldinnen\",\"description\":\"\",\"publisher\":{\"@id\":\"https:\/\/mintheldinnen.enjoythistool.com\/#organization\"},\"potentialAction\":[{\"@type\":\"SearchAction\",\"target\":{\"@type\":\"EntryPoint\",\"urlTemplate\":\"https:\/\/mintheldinnen.enjoythistool.com\/?s={search_term_string}\"},\"query-input\":{\"@type\":\"PropertyValueSpecification\",\"valueRequired\":true,\"valueName\":\"search_term_string\"}}],\"inLanguage\":\"en-US\"},{\"@type\":\"Organization\",\"@id\":\"https:\/\/mintheldinnen.enjoythistool.com\/#organization\",\"name\":\"MINT-Heldinnen\",\"url\":\"https:\/\/mintheldinnen.enjoythistool.com\/\",\"logo\":{\"@type\":\"ImageObject\",\"inLanguage\":\"en-US\",\"@id\":\"https:\/\/mintheldinnen.enjoythistool.com\/#\/schema\/logo\/image\/\",\"url\":\"https:\/\/mintheldinnen.enjoythistool.com\/wp-content\/uploads\/2024\/04\/MINTHeldinnenLogo.png\",\"contentUrl\":\"https:\/\/mintheldinnen.enjoythistool.com\/wp-content\/uploads\/2024\/04\/MINTHeldinnenLogo.png\",\"width\":1800,\"height\":1216,\"caption\":\"MINT-Heldinnen\"},\"image\":{\"@id\":\"https:\/\/mintheldinnen.enjoythistool.com\/#\/schema\/logo\/image\/\"},\"sameAs\":[\"https:\/\/www.instagram.com\/mint.heldinnen\/\",\"https:\/\/www.linkedin.com\/company\/mint-heldinnen\/\"]}]}<\/script>\n<!-- \/ Yoast SEO plugin. -->","yoast_head_json":{"title":"100 coole Wissenschaftlerinnen Hintergr\u00fcnde - MINT-Heldinnen","robots":{"index":"noindex","follow":"follow","max-snippet":"max-snippet:-1","max-image-preview":"max-image-preview:large","max-video-preview":"max-video-preview:-1"},"og_locale":"en_US","og_type":"article","og_title":"100 coole Wissenschaftlerinnen Hintergr\u00fcnde - MINT-Heldinnen","og_description":"100 coole Wissenschaftlerinnen","og_url":"https:\/\/mintheldinnen.enjoythistool.com\/en\/100-aktion-hintergruende\/","og_site_name":"MINT-Heldinnen","article_modified_time":"2025-01-28T17:06:39+00:00","twitter_card":"summary_large_image","twitter_misc":{"Est. reading time":"1 minute"},"schema":{"@context":"https:\/\/schema.org","@graph":[{"@type":"WebPage","@id":"https:\/\/mintheldinnen.enjoythistool.com\/100-aktion-hintergruende\/","url":"https:\/\/mintheldinnen.enjoythistool.com\/100-aktion-hintergruende\/","name":"100 coole Wissenschaftlerinnen Hintergr\u00fcnde - MINT-Heldinnen","isPartOf":{"@id":"https:\/\/mintheldinnen.enjoythistool.com\/#website"},"datePublished":"2025-01-28T16:21:42+00:00","dateModified":"2025-01-28T17:06:39+00:00","breadcrumb":{"@id":"https:\/\/mintheldinnen.enjoythistool.com\/100-aktion-hintergruende\/#breadcrumb"},"inLanguage":"en-US","potentialAction":[{"@type":"ReadAction","target":["https:\/\/mintheldinnen.enjoythistool.com\/100-aktion-hintergruende\/"]}]},{"@type":"BreadcrumbList","@id":"https:\/\/mintheldinnen.enjoythistool.com\/100-aktion-hintergruende\/#breadcrumb","itemListElement":[{"@type":"ListItem","position":1,"name":"Startseite","item":"https:\/\/mintheldinnen.enjoythistool.com\/"},{"@type":"ListItem","position":2,"name":"100 coole Wissenschaftlerinnen Hintergr\u00fcnde"}]},{"@type":"WebSite","@id":"https:\/\/mintheldinnen.enjoythistool.com\/#website","url":"https:\/\/mintheldinnen.enjoythistool.com\/","name":"STEM heroines","description":"","publisher":{"@id":"https:\/\/mintheldinnen.enjoythistool.com\/#organization"},"potentialAction":[{"@type":"SearchAction","target":{"@type":"EntryPoint","urlTemplate":"https:\/\/mintheldinnen.enjoythistool.com\/?s={search_term_string}"},"query-input":{"@type":"PropertyValueSpecification","valueRequired":true,"valueName":"search_term_string"}}],"inLanguage":"en-US"},{"@type":"Organization","@id":"https:\/\/mintheldinnen.enjoythistool.com\/#organization","name":"STEM heroines","url":"https:\/\/mintheldinnen.enjoythistool.com\/","logo":{"@type":"ImageObject","inLanguage":"en-US","@id":"https:\/\/mintheldinnen.enjoythistool.com\/#\/schema\/logo\/image\/","url":"https:\/\/mintheldinnen.enjoythistool.com\/wp-content\/uploads\/2024\/04\/MINTHeldinnenLogo.png","contentUrl":"https:\/\/mintheldinnen.enjoythistool.com\/wp-content\/uploads\/2024\/04\/MINTHeldinnenLogo.png","width":1800,"height":1216,"caption":"MINT-Heldinnen"},"image":{"@id":"https:\/\/mintheldinnen.enjoythistool.com\/#\/schema\/logo\/image\/"},"sameAs":["https:\/\/www.instagram.com\/mint.heldinnen\/","https:\/\/www.linkedin.com\/company\/mint-heldinnen\/"]}]}},"builder_content":"\n\n<h1>100 coole Wissenschaftlerinnen<\/h1>\n<h2>A<\/h2>\n<p>Wir haben eine kleine Aktion, die hei\u00dft MINT-Heldin des Monats. Uns ist schnell aufgefallen, dass uns st\u00e4ndig nur MINT-Heldinnen von fr\u00fcher einfallen, wenn wir gucken, wen wir als n\u00e4chstes vorstellen wollen. Doof, oder?<br \/><br \/>Also haben wir Anfang 2025 dazu aufgerufen, wer kennt denn coole Wissenschaftlerinnen? Wir wollten 100 sammeln und genau: Es gibt ganz viele, aber die sind \u00fcber die eigene Bubble gar nicht so bekannt, selbst die superber\u00fchmten nicht.\u00a0<\/p> <p>Wir haben festgestellt, bei den M\u00e4nnern, ist das aber \u00e4hnlich, kannst dich ja mal selbst fragen: Wie viele coole Wissenschaftler kennst du?<\/p>\n<h2>B<\/h2>\n<p>Wir haben viele Einsendungen bekommen mit Hinweisen, wie: Schaut doch mal hier. Ja, genau es gibt viele Initiativen, Websites und Projekte, die tolle Wissenschaftlerinnen vorstellen. Wir kannten aber vorher tats\u00e4chlich keine davon. Wie waren eben noch nicht tief genug in der Bubble drin. Das muss uns leider auch zu denken geben. Die in der MINT-Bubble bekommen das mit, aber dar\u00fcberhinaus?\u00a0<\/p>\n\n","_links":{"self":[{"href":"https:\/\/mintheldinnen.enjoythistool.com\/en\/wp-json\/wp\/v2\/pages\/7881","targetHints":{"allow":["GET"]}}],"collection":[{"href":"https:\/\/mintheldinnen.enjoythistool.com\/en\/wp-json\/wp\/v2\/pages"}],"about":[{"href":"https:\/\/mintheldinnen.enjoythistool.com\/en\/wp-json\/wp\/v2\/types\/page"}],"author":[{"embeddable":true,"href":"https:\/\/mintheldinnen.enjoythistool.com\/en\/wp-json\/wp\/v2\/users\/1"}],"replies":[{"embeddable":true,"href":"https:\/\/mintheldinnen.enjoythistool.com\/en\/wp-json\/wp\/v2\/comments?post=7881"}],"version-history":[{"count":0,"href":"https:\/\/mintheldinnen.enjoythistool.com\/en\/wp-json\/wp\/v2\/pages\/7881\/revisions"}],"wp:attachment":[{"href":"https:\/\/mintheldinnen.enjoythistool.com\/en\/wp-json\/wp\/v2\/media?parent=7881"}],"curies":[{"name":"wp","href":"https:\/\/api.w.org\/{rel}","templated":true}]}}