{"id":9296,"date":"2025-07-08T12:47:31","date_gmt":"2025-07-08T10:47:31","guid":{"rendered":"https:\/\/mint-heldinnen.de\/?page_id=9296"},"modified":"2025-07-30T08:44:49","modified_gmt":"2025-07-30T06:44:49","slug":"werde-unsere-trainerin","status":"publish","type":"page","link":"https:\/\/mintheldinnen.enjoythistool.com\/en\/werde-unsere-trainerin\/","title":{"rendered":"Werde unsere Trainerin"},"content":{"rendered":"<!--themify_builder_content-->\n<div id=\"themify_builder_content-9296\" data-postid=\"9296\" class=\"themify_builder_content themify_builder_content-9296 themify_builder tf_clear\">\n                    <div  data-lazy=\"1\" class=\"module_row themify_builder_row tb_5uru266 tb_first tf_w\">\n                        <div class=\"row_inner col_align_top tb_col_count_1 tf_box tf_rel\">\n                        <div  data-lazy=\"1\" class=\"module_column tb-column col-full tb_5hhj266 first\">\n                    <!-- module image -->\n<div  class=\"module module-image tb_zsgn628 image-top   tf_mw\" data-lazy=\"1\">\n        <div class=\"image-wrap tf_rel tf_mw\">\n            <img decoding=\"async\" width=\"1000\" height=\"1000\" src=\"https:\/\/mintheldinnen.enjoythistool.com\/wp-content\/uploads\/2025\/07\/mint-trainerin.jpg\" class=\"wp-post-image wp-image-9297\" title=\"STEM trainer\" alt=\"mint-trainerin\" srcset=\"https:\/\/mintheldinnen.enjoythistool.com\/wp-content\/uploads\/2025\/07\/mint-trainerin.jpg 1000w, https:\/\/mintheldinnen.enjoythistool.com\/wp-content\/uploads\/2025\/07\/mint-trainerin-300x300.jpg 300w, https:\/\/mintheldinnen.enjoythistool.com\/wp-content\/uploads\/2025\/07\/mint-trainerin-150x150.jpg 150w, https:\/\/mintheldinnen.enjoythistool.com\/wp-content\/uploads\/2025\/07\/mint-trainerin-768x768.jpg 768w, https:\/\/mintheldinnen.enjoythistool.com\/wp-content\/uploads\/2025\/07\/mint-trainerin-12x12.jpg 12w\" sizes=\"(max-width: 1000px) 100vw, 1000px\" \/>    \n        <\/div>\n    <!-- \/image-wrap -->\n    \n        <\/div>\n<!-- \/module image --><!-- module text -->\n<div  class=\"module module-text tb_8wcn55\" data-lazy=\"1\">\n        <div  class=\"tb_text_wrap\">\n        <h1>Become a trainer* for our MINT project \u2013 help shape the future of young people<\/h1>\n<p>Do you have a STEM background and are interested in inspiring young people, especially girls, to become interested in technology and science? Then you&#039;ve come to the right place!<\/p>\n<p><strong>We are looking for committed people who, as role models and workshop leaders, will open up new learning and meeting spaces for 9- to 16-year-olds with playful, practical content \u2013 free of clich\u00e9s and stereotypes.<\/strong><\/p>\n<p><strong>We want from you<\/strong><\/p>\n<ul>\n<li>1\u20132 courses per month, approx. 2 hours, flexible alongside work during the week<\/li>\n<\/ul>\n<p><strong>We offer<\/strong><\/p>\n<ul>\n<li>Good pay<\/li>\n<\/ul>\n<ul>\n<li>Free use of our co-working space<\/li>\n<\/ul>\n<ul>\n<li>Further education, training and coaching for personal and professional development<\/li>\n<\/ul>\n<ul>\n<li>Multipliers, references, many active and supportive people<\/li>\n<\/ul>\n<ul>\n<li>Certificates, Power ID<\/li>\n<\/ul>\n<ul>\n<li>The opportunity to support young talents and actively promote social change<\/li>\n<\/ul>\n<p>Apply if you&#039;re interested! Our focus is on technology and IT, with workshops on programming, 3D printing, practical work and tinkering, and the connection between STEM and philosophy, art, and pop\u2014and the content you&#039;d like to contribute.<\/p>\n<p>What questions do you have? Please contact us at:\u00a0<a href=\"mailto:team@mint-heldinnen.de\">team@mint-heldinnen.de<\/a><\/p>\n<p>*Trainers, robots, AIs, male, female, diverse or not specified\u2026<\/p>    <\/div>\n<\/div>\n<!-- \/module text -->        <\/div>\n                        <\/div>\n        <\/div>\n        <\/div>\n<!--\/themify_builder_content-->","protected":false},"excerpt":{"rendered":"<p>Werde Trainerin* f\u00fcr unser MINT-Projekt \u2013 gestalte die Zukunft junger Menschen mit Du hast einen MINT-Hintergrund und hast Interesse junge Menschen, vor allem M\u00e4dchen, f\u00fcr Technik und Naturwissenschaften zu begeistern?\u00a0Dann bist du bei uns richtig! Wir suchen engagierte Menschen, die als Vorbild und Workshopleitung\u00a0 f\u00fcr 9- bis 16-J\u00e4hrige mit spielerischen, praktischen Inhalten neue Lern- und [&hellip;]<\/p>","protected":false},"author":1,"featured_media":0,"parent":0,"menu_order":0,"comment_status":"closed","ping_status":"closed","template":"","meta":{"footnotes":""},"class_list":["post-9296","page","type-page","status-publish","hentry","has-post-title","has-post-date","has-post-category","has-post-tag","has-post-comment","has-post-author",""],"yoast_head":"<!-- This site is optimized with the Yoast SEO plugin v25.6 - https:\/\/yoast.com\/wordpress\/plugins\/seo\/ -->\n<title>Werde unsere Trainerin - MINT-Heldinnen<\/title>\n<meta name=\"robots\" content=\"noindex, follow, max-snippet:-1, max-image-preview:large, max-video-preview:-1\" \/>\n<meta property=\"og:locale\" content=\"en_US\" \/>\n<meta property=\"og:type\" content=\"article\" \/>\n<meta property=\"og:title\" content=\"Werde unsere Trainerin - MINT-Heldinnen\" \/>\n<meta property=\"og:description\" content=\"Werde Trainerin* f\u00fcr unser MINT-Projekt \u2013 gestalte die Zukunft junger Menschen mit Du hast einen MINT-Hintergrund und hast Interesse junge Menschen, vor allem M\u00e4dchen, f\u00fcr Technik und Naturwissenschaften zu begeistern?\u00a0Dann bist du bei uns richtig! Wir suchen engagierte Menschen, die als Vorbild und Workshopleitung\u00a0 f\u00fcr 9- bis 16-J\u00e4hrige mit spielerischen, praktischen Inhalten neue Lern- und [&hellip;]\" \/>\n<meta property=\"og:url\" content=\"https:\/\/mintheldinnen.enjoythistool.com\/en\/werde-unsere-trainerin\/\" \/>\n<meta property=\"og:site_name\" content=\"MINT-Heldinnen\" \/>\n<meta property=\"article:modified_time\" content=\"2025-07-30T06:44:49+00:00\" \/>\n<meta property=\"og:image\" content=\"https:\/\/mintheldinnen.enjoythistool.com\/wp-content\/uploads\/2025\/07\/mint-trainerin.jpg\" \/>\n\t<meta property=\"og:image:width\" content=\"1000\" \/>\n\t<meta property=\"og:image:height\" content=\"1000\" \/>\n\t<meta property=\"og:image:type\" content=\"image\/jpeg\" \/>\n<meta name=\"twitter:card\" content=\"summary_large_image\" \/>\n<meta name=\"twitter:label1\" content=\"Est. reading time\" \/>\n\t<meta name=\"twitter:data1\" content=\"2 minutes\" \/>\n<script type=\"application\/ld+json\" class=\"yoast-schema-graph\">{\"@context\":\"https:\/\/schema.org\",\"@graph\":[{\"@type\":\"WebPage\",\"@id\":\"https:\/\/mintheldinnen.enjoythistool.com\/werde-unsere-trainerin\/\",\"url\":\"https:\/\/mintheldinnen.enjoythistool.com\/werde-unsere-trainerin\/\",\"name\":\"Werde unsere Trainerin - MINT-Heldinnen\",\"isPartOf\":{\"@id\":\"https:\/\/mintheldinnen.enjoythistool.com\/#website\"},\"primaryImageOfPage\":{\"@id\":\"https:\/\/mintheldinnen.enjoythistool.com\/werde-unsere-trainerin\/#primaryimage\"},\"image\":{\"@id\":\"https:\/\/mintheldinnen.enjoythistool.com\/werde-unsere-trainerin\/#primaryimage\"},\"thumbnailUrl\":\"https:\/\/mintheldinnen.enjoythistool.com\/wp-content\/uploads\/2025\/07\/mint-trainerin.jpg\",\"datePublished\":\"2025-07-08T10:47:31+00:00\",\"dateModified\":\"2025-07-30T06:44:49+00:00\",\"breadcrumb\":{\"@id\":\"https:\/\/mintheldinnen.enjoythistool.com\/werde-unsere-trainerin\/#breadcrumb\"},\"inLanguage\":\"en-US\",\"potentialAction\":[{\"@type\":\"ReadAction\",\"target\":[\"https:\/\/mintheldinnen.enjoythistool.com\/werde-unsere-trainerin\/\"]}]},{\"@type\":\"ImageObject\",\"inLanguage\":\"en-US\",\"@id\":\"https:\/\/mintheldinnen.enjoythistool.com\/werde-unsere-trainerin\/#primaryimage\",\"url\":\"https:\/\/mintheldinnen.enjoythistool.com\/wp-content\/uploads\/2025\/07\/mint-trainerin.jpg\",\"contentUrl\":\"https:\/\/mintheldinnen.enjoythistool.com\/wp-content\/uploads\/2025\/07\/mint-trainerin.jpg\"},{\"@type\":\"BreadcrumbList\",\"@id\":\"https:\/\/mintheldinnen.enjoythistool.com\/werde-unsere-trainerin\/#breadcrumb\",\"itemListElement\":[{\"@type\":\"ListItem\",\"position\":1,\"name\":\"Startseite\",\"item\":\"https:\/\/mintheldinnen.enjoythistool.com\/\"},{\"@type\":\"ListItem\",\"position\":2,\"name\":\"Werde unsere Trainerin\"}]},{\"@type\":\"WebSite\",\"@id\":\"https:\/\/mintheldinnen.enjoythistool.com\/#website\",\"url\":\"https:\/\/mintheldinnen.enjoythistool.com\/\",\"name\":\"MINT-Heldinnen\",\"description\":\"\",\"publisher\":{\"@id\":\"https:\/\/mintheldinnen.enjoythistool.com\/#organization\"},\"potentialAction\":[{\"@type\":\"SearchAction\",\"target\":{\"@type\":\"EntryPoint\",\"urlTemplate\":\"https:\/\/mintheldinnen.enjoythistool.com\/?s={search_term_string}\"},\"query-input\":{\"@type\":\"PropertyValueSpecification\",\"valueRequired\":true,\"valueName\":\"search_term_string\"}}],\"inLanguage\":\"en-US\"},{\"@type\":\"Organization\",\"@id\":\"https:\/\/mintheldinnen.enjoythistool.com\/#organization\",\"name\":\"MINT-Heldinnen\",\"url\":\"https:\/\/mintheldinnen.enjoythistool.com\/\",\"logo\":{\"@type\":\"ImageObject\",\"inLanguage\":\"en-US\",\"@id\":\"https:\/\/mintheldinnen.enjoythistool.com\/#\/schema\/logo\/image\/\",\"url\":\"https:\/\/mintheldinnen.enjoythistool.com\/wp-content\/uploads\/2024\/04\/MINTHeldinnenLogo.png\",\"contentUrl\":\"https:\/\/mintheldinnen.enjoythistool.com\/wp-content\/uploads\/2024\/04\/MINTHeldinnenLogo.png\",\"width\":1800,\"height\":1216,\"caption\":\"MINT-Heldinnen\"},\"image\":{\"@id\":\"https:\/\/mintheldinnen.enjoythistool.com\/#\/schema\/logo\/image\/\"},\"sameAs\":[\"https:\/\/www.instagram.com\/mint.heldinnen\/\",\"https:\/\/www.linkedin.com\/company\/mint-heldinnen\/\"]}]}<\/script>\n<!-- \/ Yoast SEO plugin. -->","yoast_head_json":{"title":"Werde unsere Trainerin - MINT-Heldinnen","robots":{"index":"noindex","follow":"follow","max-snippet":"max-snippet:-1","max-image-preview":"max-image-preview:large","max-video-preview":"max-video-preview:-1"},"og_locale":"en_US","og_type":"article","og_title":"Werde unsere Trainerin - MINT-Heldinnen","og_description":"Werde Trainerin* f\u00fcr unser MINT-Projekt \u2013 gestalte die Zukunft junger Menschen mit Du hast einen MINT-Hintergrund und hast Interesse junge Menschen, vor allem M\u00e4dchen, f\u00fcr Technik und Naturwissenschaften zu begeistern?\u00a0Dann bist du bei uns richtig! Wir suchen engagierte Menschen, die als Vorbild und Workshopleitung\u00a0 f\u00fcr 9- bis 16-J\u00e4hrige mit spielerischen, praktischen Inhalten neue Lern- und [&hellip;]","og_url":"https:\/\/mintheldinnen.enjoythistool.com\/en\/werde-unsere-trainerin\/","og_site_name":"MINT-Heldinnen","article_modified_time":"2025-07-30T06:44:49+00:00","og_image":[{"width":1000,"height":1000,"url":"https:\/\/mintheldinnen.enjoythistool.com\/wp-content\/uploads\/2025\/07\/mint-trainerin.jpg","type":"image\/jpeg"}],"twitter_card":"summary_large_image","twitter_misc":{"Est. reading time":"2 minutes"},"schema":{"@context":"https:\/\/schema.org","@graph":[{"@type":"WebPage","@id":"https:\/\/mintheldinnen.enjoythistool.com\/werde-unsere-trainerin\/","url":"https:\/\/mintheldinnen.enjoythistool.com\/werde-unsere-trainerin\/","name":"Werde unsere Trainerin - MINT-Heldinnen","isPartOf":{"@id":"https:\/\/mintheldinnen.enjoythistool.com\/#website"},"primaryImageOfPage":{"@id":"https:\/\/mintheldinnen.enjoythistool.com\/werde-unsere-trainerin\/#primaryimage"},"image":{"@id":"https:\/\/mintheldinnen.enjoythistool.com\/werde-unsere-trainerin\/#primaryimage"},"thumbnailUrl":"https:\/\/mintheldinnen.enjoythistool.com\/wp-content\/uploads\/2025\/07\/mint-trainerin.jpg","datePublished":"2025-07-08T10:47:31+00:00","dateModified":"2025-07-30T06:44:49+00:00","breadcrumb":{"@id":"https:\/\/mintheldinnen.enjoythistool.com\/werde-unsere-trainerin\/#breadcrumb"},"inLanguage":"en-US","potentialAction":[{"@type":"ReadAction","target":["https:\/\/mintheldinnen.enjoythistool.com\/werde-unsere-trainerin\/"]}]},{"@type":"ImageObject","inLanguage":"en-US","@id":"https:\/\/mintheldinnen.enjoythistool.com\/werde-unsere-trainerin\/#primaryimage","url":"https:\/\/mintheldinnen.enjoythistool.com\/wp-content\/uploads\/2025\/07\/mint-trainerin.jpg","contentUrl":"https:\/\/mintheldinnen.enjoythistool.com\/wp-content\/uploads\/2025\/07\/mint-trainerin.jpg"},{"@type":"BreadcrumbList","@id":"https:\/\/mintheldinnen.enjoythistool.com\/werde-unsere-trainerin\/#breadcrumb","itemListElement":[{"@type":"ListItem","position":1,"name":"Startseite","item":"https:\/\/mintheldinnen.enjoythistool.com\/"},{"@type":"ListItem","position":2,"name":"Werde unsere Trainerin"}]},{"@type":"WebSite","@id":"https:\/\/mintheldinnen.enjoythistool.com\/#website","url":"https:\/\/mintheldinnen.enjoythistool.com\/","name":"STEM heroines","description":"","publisher":{"@id":"https:\/\/mintheldinnen.enjoythistool.com\/#organization"},"potentialAction":[{"@type":"SearchAction","target":{"@type":"EntryPoint","urlTemplate":"https:\/\/mintheldinnen.enjoythistool.com\/?s={search_term_string}"},"query-input":{"@type":"PropertyValueSpecification","valueRequired":true,"valueName":"search_term_string"}}],"inLanguage":"en-US"},{"@type":"Organization","@id":"https:\/\/mintheldinnen.enjoythistool.com\/#organization","name":"STEM heroines","url":"https:\/\/mintheldinnen.enjoythistool.com\/","logo":{"@type":"ImageObject","inLanguage":"en-US","@id":"https:\/\/mintheldinnen.enjoythistool.com\/#\/schema\/logo\/image\/","url":"https:\/\/mintheldinnen.enjoythistool.com\/wp-content\/uploads\/2024\/04\/MINTHeldinnenLogo.png","contentUrl":"https:\/\/mintheldinnen.enjoythistool.com\/wp-content\/uploads\/2024\/04\/MINTHeldinnenLogo.png","width":1800,"height":1216,"caption":"MINT-Heldinnen"},"image":{"@id":"https:\/\/mintheldinnen.enjoythistool.com\/#\/schema\/logo\/image\/"},"sameAs":["https:\/\/www.instagram.com\/mint.heldinnen\/","https:\/\/www.linkedin.com\/company\/mint-heldinnen\/"]}]}},"builder_content":"<img src=\"https:\/\/mintheldinnen.enjoythistool.com\/wp-content\/uploads\/2025\/07\/mint-trainerin.jpg\" title=\"mint-trainerin\" alt=\"mint-trainerin\" srcset=\"https:\/\/mintheldinnen.enjoythistool.com\/wp-content\/uploads\/2025\/07\/mint-trainerin.jpg 1000w, https:\/\/mintheldinnen.enjoythistool.com\/wp-content\/uploads\/2025\/07\/mint-trainerin-300x300.jpg 300w, https:\/\/mintheldinnen.enjoythistool.com\/wp-content\/uploads\/2025\/07\/mint-trainerin-150x150.jpg 150w, https:\/\/mintheldinnen.enjoythistool.com\/wp-content\/uploads\/2025\/07\/mint-trainerin-768x768.jpg 768w, https:\/\/mintheldinnen.enjoythistool.com\/wp-content\/uploads\/2025\/07\/mint-trainerin-12x12.jpg 12w\" sizes=\"(max-width: 1000px) 100vw, 1000px\" \/>\n<h1>Werde Trainerin* f\u00fcr unser MINT-Projekt \u2013 gestalte die Zukunft junger Menschen mit<\/h1> <p>Du hast einen MINT-Hintergrund und hast Interesse junge Menschen, vor allem M\u00e4dchen, f\u00fcr Technik und Naturwissenschaften zu begeistern?\u00a0Dann bist du bei uns richtig!<\/p> <p><strong>Wir suchen engagierte Menschen, die als Vorbild und Workshopleitung\u00a0 f\u00fcr 9- bis 16-J\u00e4hrige mit spielerischen, praktischen Inhalten neue Lern- und Begegnungsr\u00e4ume \u00f6ffnen \u2013 klischee- und stereotypfrei.<\/strong><\/p> <p><strong>Wir wollen von dir<\/strong><\/p> <ul> <li>1\u20132 Kurse pro Monat, ca. 2 Stunden, flexibel neben dem Beruf unter der Woche<\/li> <\/ul> <p><strong>Wir bieten<\/strong><\/p> <ul> <li>Gute Bezahlung<\/li> <\/ul> <ul> <li>Kostenlose Nutzung unseres Co-Working-Spaces<\/li> <\/ul> <ul> <li>Weiterbildung, Training und Coaching zur pers\u00f6nlichen und fachlichen Weiterentwicklung<\/li> <\/ul> <ul> <li>Multiplikatoren, Referenzen, viele aktive und unterst\u00fctzende Menschen<\/li> <\/ul> <ul> <li>Bescheinigungen, Zertifikate, Power-ID<\/li> <\/ul> <ul> <li>Die Chance, junge Talente zu unterst\u00fctzen und aktiv gesellschaftliche Ver\u00e4nderung zu f\u00f6rdern<\/li> <\/ul> <p>Bewirb dich, wenn du dich angesprochen f\u00fchlst! Unsere Schwerpunkte liegen im technisch-informatischen Bereich, zum Beispiel mit Workshops zu Programmierung, 3D-Druck, praktischem Werken und T\u00fcfteln und in Verbindung von MINT mit Philosophie, Kunst und Pop \u2013 und die Inhalte, die du einbringen m\u00f6chtest.<\/p> <p>Welche Fragen hast du? Melde dich doch unter:\u00a0<a href=\"mailto:team@mint-heldinnen.de\">team@mint-heldinnen.de<\/a><\/p> <p>*Trainerinnen, Trainer, Roboter, KIs, m\u00e4nnlich, weiblich, divers oder ohne Angabe ...<\/p>","_links":{"self":[{"href":"https:\/\/mintheldinnen.enjoythistool.com\/en\/wp-json\/wp\/v2\/pages\/9296","targetHints":{"allow":["GET"]}}],"collection":[{"href":"https:\/\/mintheldinnen.enjoythistool.com\/en\/wp-json\/wp\/v2\/pages"}],"about":[{"href":"https:\/\/mintheldinnen.enjoythistool.com\/en\/wp-json\/wp\/v2\/types\/page"}],"author":[{"embeddable":true,"href":"https:\/\/mintheldinnen.enjoythistool.com\/en\/wp-json\/wp\/v2\/users\/1"}],"replies":[{"embeddable":true,"href":"https:\/\/mintheldinnen.enjoythistool.com\/en\/wp-json\/wp\/v2\/comments?post=9296"}],"version-history":[{"count":0,"href":"https:\/\/mintheldinnen.enjoythistool.com\/en\/wp-json\/wp\/v2\/pages\/9296\/revisions"}],"wp:attachment":[{"href":"https:\/\/mintheldinnen.enjoythistool.com\/en\/wp-json\/wp\/v2\/media?parent=9296"}],"curies":[{"name":"wp","href":"https:\/\/api.w.org\/{rel}","templated":true}]}}